{"id":14661,"date":"2021-04-16T13:18:03","date_gmt":"2021-04-16T11:18:03","guid":{"rendered":"https:\/\/www.rrz.sk\/vsetky-aktuality\/"},"modified":"2022-06-10T09:13:12","modified_gmt":"2022-06-10T07:13:12","slug":"all-news","status":"publish","type":"page","link":"https:\/\/www.rrz.sk\/en\/all-news\/","title":{"rendered":"All news"},"content":{"rendered":"","protected":false},"excerpt":{"rendered":"","protected":false},"author":1,"featured_media":0,"parent":0,"menu_order":0,"comment_status":"closed","ping_status":"closed","template":"page-blog.php","meta":{"_acf_changed":false,"h5ap_radio_sources":[],"footnotes":""},"class_list":["post-14661","page","type-page","status-publish","hentry"],"acf":[],"yoast_head":"<!-- This site is optimized with the Yoast SEO plugin v26.6 - https:\/\/yoast.com\/wordpress\/plugins\/seo\/ -->\n<title>All news - Rada pre rozpo\u010dtov\u00fa zodpovednos\u0165<\/title>\n<meta name=\"robots\" content=\"index, follow, max-snippet:-1, max-image-preview:large, max-video-preview:-1\" \/>\n<link rel=\"canonical\" href=\"https:\/\/www.rrz.sk\/en\/all-news\/\" \/>\n<meta property=\"og:locale\" content=\"en_US\" \/>\n<meta property=\"og:type\" content=\"article\" \/>\n<meta property=\"og:title\" content=\"All news - Rada pre rozpo\u010dtov\u00fa zodpovednos\u0165\" \/>\n<meta property=\"og:url\" content=\"https:\/\/www.rrz.sk\/en\/all-news\/\" \/>\n<meta property=\"og:site_name\" content=\"Rada pre rozpo\u010dtov\u00fa zodpovednos\u0165\" \/>\n<meta property=\"article:modified_time\" content=\"2022-06-10T07:13:12+00:00\" \/>\n<meta name=\"twitter:card\" content=\"summary_large_image\" \/>\n<script type=\"application\/ld+json\" class=\"yoast-schema-graph\">{\"@context\":\"https:\/\/schema.org\",\"@graph\":[{\"@type\":\"WebPage\",\"@id\":\"https:\/\/www.rrz.sk\/en\/all-news\/\",\"url\":\"https:\/\/www.rrz.sk\/en\/all-news\/\",\"name\":\"All news - Rada pre rozpo\u010dtov\u00fa zodpovednos\u0165\",\"isPartOf\":{\"@id\":\"https:\/\/www.rrz.sk\/#website\"},\"datePublished\":\"2021-04-16T11:18:03+00:00\",\"dateModified\":\"2022-06-10T07:13:12+00:00\",\"breadcrumb\":{\"@id\":\"https:\/\/www.rrz.sk\/en\/all-news\/#breadcrumb\"},\"inLanguage\":\"en-US\",\"potentialAction\":[{\"@type\":\"ReadAction\",\"target\":[\"https:\/\/www.rrz.sk\/en\/all-news\/\"]}]},{\"@type\":\"BreadcrumbList\",\"@id\":\"https:\/\/www.rrz.sk\/en\/all-news\/#breadcrumb\",\"itemListElement\":[{\"@type\":\"ListItem\",\"position\":1,\"name\":\"Domovsk\u00e1 str\u00e1nka\",\"item\":\"https:\/\/www.rrz.sk\/en\/\"},{\"@type\":\"ListItem\",\"position\":2,\"name\":\"All news\"}]},{\"@type\":\"WebSite\",\"@id\":\"https:\/\/www.rrz.sk\/#website\",\"url\":\"https:\/\/www.rrz.sk\/\",\"name\":\"Rada pre rozpo\u010dtov\u00fa zodpovednos\u0165\",\"description\":\"Nez\u00e1visl\u00fd org\u00e1n monitorovania a hodnotenia v\u00fdvoja hospod\u00e1renia Slovenskej republiky\",\"potentialAction\":[{\"@type\":\"SearchAction\",\"target\":{\"@type\":\"EntryPoint\",\"urlTemplate\":\"https:\/\/www.rrz.sk\/?s={search_term_string}\"},\"query-input\":{\"@type\":\"PropertyValueSpecification\",\"valueRequired\":true,\"valueName\":\"search_term_string\"}}],\"inLanguage\":\"en-US\"}]}<\/script>\n<!-- \/ Yoast SEO plugin. -->","yoast_head_json":{"title":"All news - Rada pre rozpo\u010dtov\u00fa zodpovednos\u0165","robots":{"index":"index","follow":"follow","max-snippet":"max-snippet:-1","max-image-preview":"max-image-preview:large","max-video-preview":"max-video-preview:-1"},"canonical":"https:\/\/www.rrz.sk\/en\/all-news\/","og_locale":"en_US","og_type":"article","og_title":"All news - Rada pre rozpo\u010dtov\u00fa zodpovednos\u0165","og_url":"https:\/\/www.rrz.sk\/en\/all-news\/","og_site_name":"Rada pre rozpo\u010dtov\u00fa zodpovednos\u0165","article_modified_time":"2022-06-10T07:13:12+00:00","twitter_card":"summary_large_image","schema":{"@context":"https:\/\/schema.org","@graph":[{"@type":"WebPage","@id":"https:\/\/www.rrz.sk\/en\/all-news\/","url":"https:\/\/www.rrz.sk\/en\/all-news\/","name":"All news - Rada pre rozpo\u010dtov\u00fa zodpovednos\u0165","isPartOf":{"@id":"https:\/\/www.rrz.sk\/#website"},"datePublished":"2021-04-16T11:18:03+00:00","dateModified":"2022-06-10T07:13:12+00:00","breadcrumb":{"@id":"https:\/\/www.rrz.sk\/en\/all-news\/#breadcrumb"},"inLanguage":"en-US","potentialAction":[{"@type":"ReadAction","target":["https:\/\/www.rrz.sk\/en\/all-news\/"]}]},{"@type":"BreadcrumbList","@id":"https:\/\/www.rrz.sk\/en\/all-news\/#breadcrumb","itemListElement":[{"@type":"ListItem","position":1,"name":"Domovsk\u00e1 str\u00e1nka","item":"https:\/\/www.rrz.sk\/en\/"},{"@type":"ListItem","position":2,"name":"All news"}]},{"@type":"WebSite","@id":"https:\/\/www.rrz.sk\/#website","url":"https:\/\/www.rrz.sk\/","name":"Rada pre rozpo\u010dtov\u00fa zodpovednos\u0165","description":"Nez\u00e1visl\u00fd org\u00e1n monitorovania a hodnotenia v\u00fdvoja hospod\u00e1renia Slovenskej republiky","potentialAction":[{"@type":"SearchAction","target":{"@type":"EntryPoint","urlTemplate":"https:\/\/www.rrz.sk\/?s={search_term_string}"},"query-input":{"@type":"PropertyValueSpecification","valueRequired":true,"valueName":"search_term_string"}}],"inLanguage":"en-US"}]}},"_links":{"self":[{"href":"https:\/\/www.rrz.sk\/en\/wp-json\/wp\/v2\/pages\/14661","targetHints":{"allow":["GET"]}}],"collection":[{"href":"https:\/\/www.rrz.sk\/en\/wp-json\/wp\/v2\/pages"}],"about":[{"href":"https:\/\/www.rrz.sk\/en\/wp-json\/wp\/v2\/types\/page"}],"author":[{"embeddable":true,"href":"https:\/\/www.rrz.sk\/en\/wp-json\/wp\/v2\/users\/1"}],"replies":[{"embeddable":true,"href":"https:\/\/www.rrz.sk\/en\/wp-json\/wp\/v2\/comments?post=14661"}],"version-history":[{"count":1,"href":"https:\/\/www.rrz.sk\/en\/wp-json\/wp\/v2\/pages\/14661\/revisions"}],"predecessor-version":[{"id":14662,"href":"https:\/\/www.rrz.sk\/en\/wp-json\/wp\/v2\/pages\/14661\/revisions\/14662"}],"wp:attachment":[{"href":"https:\/\/www.rrz.sk\/en\/wp-json\/wp\/v2\/media?parent=14661"}],"curies":[{"name":"wp","href":"https:\/\/api.w.org\/{rel}","templated":true}]}}