{"id":28495,"date":"2022-06-03T10:23:32","date_gmt":"2022-06-03T08:23:32","guid":{"rendered":"https:\/\/www.rrz.sk\/fiskal-data\/hruby-cisty-dlh-vs\/"},"modified":"2024-11-26T00:03:02","modified_gmt":"2024-11-25T23:03:02","slug":"gross-and-net-public-sector-debt","status":"publish","type":"page","link":"https:\/\/www.rrz.sk\/en\/fiscal-database\/gross-and-net-public-sector-debt\/","title":{"rendered":"Gross and Net Public Sector Debt"},"content":{"rendered":"<div class=\"iframe-box\"><iframe loading=\"lazy\" class=\"iframe-graph\" title=\"fiskalna_DB_1_1_prehlad_1_Dlh_1\" src=\"https:\/\/app.powerbi.com\/view?r=eyJrIjoiYzMyMTllNmUtYzE4MS00ODEyLTgzODAtNjI2YTkxNmIyMjMxIiwidCI6Ijk1MGZjNmZjLTRiOWEtNDI1ZS04YzNhLTVmZjUzOGJlNDY1NyIsImMiOjl9\" width=\"950\" height=\"600\" frameborder=\"0\" allowfullscreen=\"allowfullscreen\"><\/iframe><\/div>\n<p>Within public sector debt, we differentiate between gross and net debt:<\/p>\n<ul>\n<li><strong>Gross Debt<\/strong>: This represents the total volume of liabilities of public sector entities to other economic entities, including the foreign ones. These liabilities primarily consist of bonds, treasury bills, and loans.<\/li>\n<li><strong>Net Debt<\/strong>: This is gross debt adjusted for <strong>liquid financial assets<\/strong>, such as cash on government accounts.<\/li>\n<\/ul>\n<p>In Slovakia, a fiscal rule was introduced under the constitutional law on budgetary responsibility, establishing a limit on the level of gross public sector debt\u2014referred to as the \u201c<strong>debt brake<\/strong>.\u201d Its purpose is to prevent Slovakia\u2019s debt from reaching critical levels through corrective and sanction mechanisms. An evaluation of compliance with this rule in previous years is available at this <a href=\"https:\/\/www.rrz.sk\/dlhovabrzda_en\/\" target=\"_blank\" rel=\"noopener\">link<\/a>.<\/p>\n","protected":false},"excerpt":{"rendered":"<p>An important fiscal indicator describing the state of public finance is general government, or public, debt. Public debt is typically expressed either in nominal terms (in euros) or relatively as the debt-to-GDP ratio, represented as a percentage. Since nominal debt figures do not indicate the severity of debt or the extent of fiscal imbalance, the debt-to-GDP ratio is preferred for its relativity in terms of % of GDP.<\/p>\n","protected":false},"author":2,"featured_media":0,"parent":28492,"menu_order":0,"comment_status":"closed","ping_status":"closed","template":"page-two-columns.php","meta":{"_acf_changed":false,"h5ap_radio_sources":[],"footnotes":""},"class_list":["post-28495","page","type-page","status-publish","hentry"],"acf":[],"yoast_head":"<!-- This site is optimized with the Yoast SEO plugin v26.6 - https:\/\/yoast.com\/wordpress\/plugins\/seo\/ -->\n<title>Gross and Net Public Sector Debt - Rada pre rozpo\u010dtov\u00fa zodpovednos\u0165<\/title>\n<meta name=\"robots\" content=\"index, follow, max-snippet:-1, max-image-preview:large, max-video-preview:-1\" \/>\n<link rel=\"canonical\" href=\"https:\/\/www.rrz.sk\/en\/fiscal-database\/gross-and-net-public-sector-debt\/\" \/>\n<meta property=\"og:locale\" content=\"en_US\" \/>\n<meta property=\"og:type\" content=\"article\" \/>\n<meta property=\"og:title\" content=\"Gross and Net Public Sector Debt - Rada pre rozpo\u010dtov\u00fa zodpovednos\u0165\" \/>\n<meta property=\"og:description\" content=\"An important fiscal indicator describing the state of public finance is general government, or public, debt. Public debt is typically expressed either in nominal terms (in euros) or relatively as the debt-to-GDP ratio, represented as a percentage. Since nominal debt figures do not indicate the severity of debt or the extent of fiscal imbalance, the debt-to-GDP ratio is preferred for its relativity in terms of % of GDP.\" \/>\n<meta property=\"og:url\" content=\"https:\/\/www.rrz.sk\/en\/fiscal-database\/gross-and-net-public-sector-debt\/\" \/>\n<meta property=\"og:site_name\" content=\"Rada pre rozpo\u010dtov\u00fa zodpovednos\u0165\" \/>\n<meta property=\"article:modified_time\" content=\"2024-11-25T23:03:02+00:00\" \/>\n<meta name=\"twitter:card\" content=\"summary_large_image\" \/>\n<meta name=\"twitter:label1\" content=\"Est. reading time\" \/>\n\t<meta name=\"twitter:data1\" content=\"1 minute\" \/>\n<script type=\"application\/ld+json\" class=\"yoast-schema-graph\">{\"@context\":\"https:\/\/schema.org\",\"@graph\":[{\"@type\":\"WebPage\",\"@id\":\"https:\/\/www.rrz.sk\/en\/fiscal-database\/gross-and-net-public-sector-debt\/\",\"url\":\"https:\/\/www.rrz.sk\/en\/fiscal-database\/gross-and-net-public-sector-debt\/\",\"name\":\"Gross and Net Public Sector Debt - Rada pre rozpo\u010dtov\u00fa zodpovednos\u0165\",\"isPartOf\":{\"@id\":\"https:\/\/www.rrz.sk\/#website\"},\"datePublished\":\"2022-06-03T08:23:32+00:00\",\"dateModified\":\"2024-11-25T23:03:02+00:00\",\"breadcrumb\":{\"@id\":\"https:\/\/www.rrz.sk\/en\/fiscal-database\/gross-and-net-public-sector-debt\/#breadcrumb\"},\"inLanguage\":\"en-US\",\"potentialAction\":[{\"@type\":\"ReadAction\",\"target\":[\"https:\/\/www.rrz.sk\/en\/fiscal-database\/gross-and-net-public-sector-debt\/\"]}]},{\"@type\":\"BreadcrumbList\",\"@id\":\"https:\/\/www.rrz.sk\/en\/fiscal-database\/gross-and-net-public-sector-debt\/#breadcrumb\",\"itemListElement\":[{\"@type\":\"ListItem\",\"position\":1,\"name\":\"Domovsk\u00e1 str\u00e1nka\",\"item\":\"https:\/\/www.rrz.sk\/en\/\"},{\"@type\":\"ListItem\",\"position\":2,\"name\":\"Fiscal Database\",\"item\":\"https:\/\/www.rrz.sk\/en\/fiscal-database\/\"},{\"@type\":\"ListItem\",\"position\":3,\"name\":\"Gross and Net Public Sector Debt\"}]},{\"@type\":\"WebSite\",\"@id\":\"https:\/\/www.rrz.sk\/#website\",\"url\":\"https:\/\/www.rrz.sk\/\",\"name\":\"Rada pre rozpo\u010dtov\u00fa zodpovednos\u0165\",\"description\":\"Nez\u00e1visl\u00fd org\u00e1n monitorovania a hodnotenia v\u00fdvoja hospod\u00e1renia Slovenskej republiky\",\"potentialAction\":[{\"@type\":\"SearchAction\",\"target\":{\"@type\":\"EntryPoint\",\"urlTemplate\":\"https:\/\/www.rrz.sk\/?s={search_term_string}\"},\"query-input\":{\"@type\":\"PropertyValueSpecification\",\"valueRequired\":true,\"valueName\":\"search_term_string\"}}],\"inLanguage\":\"en-US\"}]}<\/script>\n<!-- \/ Yoast SEO plugin. -->","yoast_head_json":{"title":"Gross and Net Public Sector Debt - Rada pre rozpo\u010dtov\u00fa zodpovednos\u0165","robots":{"index":"index","follow":"follow","max-snippet":"max-snippet:-1","max-image-preview":"max-image-preview:large","max-video-preview":"max-video-preview:-1"},"canonical":"https:\/\/www.rrz.sk\/en\/fiscal-database\/gross-and-net-public-sector-debt\/","og_locale":"en_US","og_type":"article","og_title":"Gross and Net Public Sector Debt - Rada pre rozpo\u010dtov\u00fa zodpovednos\u0165","og_description":"An important fiscal indicator describing the state of public finance is general government, or public, debt. Public debt is typically expressed either in nominal terms (in euros) or relatively as the debt-to-GDP ratio, represented as a percentage. Since nominal debt figures do not indicate the severity of debt or the extent of fiscal imbalance, the debt-to-GDP ratio is preferred for its relativity in terms of % of GDP.","og_url":"https:\/\/www.rrz.sk\/en\/fiscal-database\/gross-and-net-public-sector-debt\/","og_site_name":"Rada pre rozpo\u010dtov\u00fa zodpovednos\u0165","article_modified_time":"2024-11-25T23:03:02+00:00","twitter_card":"summary_large_image","twitter_misc":{"Est. reading time":"1 minute"},"schema":{"@context":"https:\/\/schema.org","@graph":[{"@type":"WebPage","@id":"https:\/\/www.rrz.sk\/en\/fiscal-database\/gross-and-net-public-sector-debt\/","url":"https:\/\/www.rrz.sk\/en\/fiscal-database\/gross-and-net-public-sector-debt\/","name":"Gross and Net Public Sector Debt - Rada pre rozpo\u010dtov\u00fa zodpovednos\u0165","isPartOf":{"@id":"https:\/\/www.rrz.sk\/#website"},"datePublished":"2022-06-03T08:23:32+00:00","dateModified":"2024-11-25T23:03:02+00:00","breadcrumb":{"@id":"https:\/\/www.rrz.sk\/en\/fiscal-database\/gross-and-net-public-sector-debt\/#breadcrumb"},"inLanguage":"en-US","potentialAction":[{"@type":"ReadAction","target":["https:\/\/www.rrz.sk\/en\/fiscal-database\/gross-and-net-public-sector-debt\/"]}]},{"@type":"BreadcrumbList","@id":"https:\/\/www.rrz.sk\/en\/fiscal-database\/gross-and-net-public-sector-debt\/#breadcrumb","itemListElement":[{"@type":"ListItem","position":1,"name":"Domovsk\u00e1 str\u00e1nka","item":"https:\/\/www.rrz.sk\/en\/"},{"@type":"ListItem","position":2,"name":"Fiscal Database","item":"https:\/\/www.rrz.sk\/en\/fiscal-database\/"},{"@type":"ListItem","position":3,"name":"Gross and Net Public Sector Debt"}]},{"@type":"WebSite","@id":"https:\/\/www.rrz.sk\/#website","url":"https:\/\/www.rrz.sk\/","name":"Rada pre rozpo\u010dtov\u00fa zodpovednos\u0165","description":"Nez\u00e1visl\u00fd org\u00e1n monitorovania a hodnotenia v\u00fdvoja hospod\u00e1renia Slovenskej republiky","potentialAction":[{"@type":"SearchAction","target":{"@type":"EntryPoint","urlTemplate":"https:\/\/www.rrz.sk\/?s={search_term_string}"},"query-input":{"@type":"PropertyValueSpecification","valueRequired":true,"valueName":"search_term_string"}}],"inLanguage":"en-US"}]}},"_links":{"self":[{"href":"https:\/\/www.rrz.sk\/en\/wp-json\/wp\/v2\/pages\/28495","targetHints":{"allow":["GET"]}}],"collection":[{"href":"https:\/\/www.rrz.sk\/en\/wp-json\/wp\/v2\/pages"}],"about":[{"href":"https:\/\/www.rrz.sk\/en\/wp-json\/wp\/v2\/types\/page"}],"author":[{"embeddable":true,"href":"https:\/\/www.rrz.sk\/en\/wp-json\/wp\/v2\/users\/2"}],"replies":[{"embeddable":true,"href":"https:\/\/www.rrz.sk\/en\/wp-json\/wp\/v2\/comments?post=28495"}],"version-history":[{"count":5,"href":"https:\/\/www.rrz.sk\/en\/wp-json\/wp\/v2\/pages\/28495\/revisions"}],"predecessor-version":[{"id":28525,"href":"https:\/\/www.rrz.sk\/en\/wp-json\/wp\/v2\/pages\/28495\/revisions\/28525"}],"up":[{"embeddable":true,"href":"https:\/\/www.rrz.sk\/en\/wp-json\/wp\/v2\/pages\/28492"}],"wp:attachment":[{"href":"https:\/\/www.rrz.sk\/en\/wp-json\/wp\/v2\/media?parent=28495"}],"curies":[{"name":"wp","href":"https:\/\/api.w.org\/{rel}","templated":true}]}}