{"id":28499,"date":"2022-06-03T10:25:01","date_gmt":"2022-06-03T08:25:01","guid":{"rendered":"https:\/\/www.rrz.sk\/fiskal-data\/prijmy\/"},"modified":"2024-11-26T00:03:57","modified_gmt":"2024-11-25T23:03:57","slug":"revenue","status":"publish","type":"page","link":"https:\/\/www.rrz.sk\/en\/fiscal-database\/revenue\/","title":{"rendered":"Revenue"},"content":{"rendered":"<div class=\"iframe-box\"><iframe loading=\"lazy\" class=\"iframe-graph\" title=\"fiskalna_DB_4_prijmy\" src=\"https:\/\/app.powerbi.com\/view?r=eyJrIjoiNTA2NTAwZjktYjQzMy00ODliLWI0M2ItMjk2ZGFjYjU3NTdkIiwidCI6Ijk1MGZjNmZjLTRiOWEtNDI1ZS04YzNhLTVmZjUzOGJlNDY1NyIsImMiOjl9\" width=\"950\" height=\"600\" frameborder=\"0\" allowfullscreen=\"allowfullscreen\"><\/iframe><\/div>\n<div>\n<ul>\n<li><strong>Tax Revenue<\/strong>: Tax revenue is the primary revenue source of the public sector budget, with the largest share from taxes on production and imports, including value-added tax (VAT) and excise taxes. Another significant portion comes from current income taxes, including personal and corporate income taxes.<\/li>\n<li><strong>Social Security Contributions<\/strong>: These include social contributions from employers, employees, self-employed people, voluntary contributors, public administration contributions, and other income sources.<\/li>\n<li><strong>Non-Tax Revenue<\/strong>: Non-tax revenue is categorized by its source and acquisition method into revenue from market and non-market production (sales, fees, and charges for services) and property income (dividends, interest received, or rental income).<\/li>\n<li><strong>Grants and Transfers<\/strong>: The most substantial part of grants and transfers is obtained from the budget of the European Union and funds from the Resilience and Recovery Plan.<\/li>\n<\/ul>\n<\/div>\n","protected":false},"excerpt":{"rendered":"<p>General government revenue consists of tax revenue, social security contributions, non-tax revenue, and grants and transfers.<\/p>\n","protected":false},"author":2,"featured_media":0,"parent":28492,"menu_order":0,"comment_status":"closed","ping_status":"closed","template":"page-two-columns.php","meta":{"_acf_changed":false,"h5ap_radio_sources":[],"footnotes":""},"class_list":["post-28499","page","type-page","status-publish","hentry"],"acf":[],"yoast_head":"<!-- This site is optimized with the Yoast SEO plugin v26.6 - https:\/\/yoast.com\/wordpress\/plugins\/seo\/ -->\n<title>Revenue - Rada pre rozpo\u010dtov\u00fa zodpovednos\u0165<\/title>\n<meta name=\"robots\" content=\"index, follow, max-snippet:-1, max-image-preview:large, max-video-preview:-1\" \/>\n<link rel=\"canonical\" href=\"https:\/\/www.rrz.sk\/en\/fiscal-database\/revenue\/\" \/>\n<meta property=\"og:locale\" content=\"en_US\" \/>\n<meta property=\"og:type\" content=\"article\" \/>\n<meta property=\"og:title\" content=\"Revenue - Rada pre rozpo\u010dtov\u00fa zodpovednos\u0165\" \/>\n<meta property=\"og:description\" content=\"General government revenue consists of tax revenue, social security contributions, non-tax revenue, and grants and transfers.\" \/>\n<meta property=\"og:url\" content=\"https:\/\/www.rrz.sk\/en\/fiscal-database\/revenue\/\" \/>\n<meta property=\"og:site_name\" content=\"Rada pre rozpo\u010dtov\u00fa zodpovednos\u0165\" \/>\n<meta property=\"article:modified_time\" content=\"2024-11-25T23:03:57+00:00\" \/>\n<meta name=\"twitter:card\" content=\"summary_large_image\" \/>\n<meta name=\"twitter:label1\" content=\"Est. reading time\" \/>\n\t<meta name=\"twitter:data1\" content=\"1 minute\" \/>\n<script type=\"application\/ld+json\" class=\"yoast-schema-graph\">{\"@context\":\"https:\/\/schema.org\",\"@graph\":[{\"@type\":\"WebPage\",\"@id\":\"https:\/\/www.rrz.sk\/en\/fiscal-database\/revenue\/\",\"url\":\"https:\/\/www.rrz.sk\/en\/fiscal-database\/revenue\/\",\"name\":\"Revenue - Rada pre rozpo\u010dtov\u00fa zodpovednos\u0165\",\"isPartOf\":{\"@id\":\"https:\/\/www.rrz.sk\/#website\"},\"datePublished\":\"2022-06-03T08:25:01+00:00\",\"dateModified\":\"2024-11-25T23:03:57+00:00\",\"breadcrumb\":{\"@id\":\"https:\/\/www.rrz.sk\/en\/fiscal-database\/revenue\/#breadcrumb\"},\"inLanguage\":\"en-US\",\"potentialAction\":[{\"@type\":\"ReadAction\",\"target\":[\"https:\/\/www.rrz.sk\/en\/fiscal-database\/revenue\/\"]}]},{\"@type\":\"BreadcrumbList\",\"@id\":\"https:\/\/www.rrz.sk\/en\/fiscal-database\/revenue\/#breadcrumb\",\"itemListElement\":[{\"@type\":\"ListItem\",\"position\":1,\"name\":\"Domovsk\u00e1 str\u00e1nka\",\"item\":\"https:\/\/www.rrz.sk\/en\/\"},{\"@type\":\"ListItem\",\"position\":2,\"name\":\"Fiscal Database\",\"item\":\"https:\/\/www.rrz.sk\/en\/fiscal-database\/\"},{\"@type\":\"ListItem\",\"position\":3,\"name\":\"Revenue\"}]},{\"@type\":\"WebSite\",\"@id\":\"https:\/\/www.rrz.sk\/#website\",\"url\":\"https:\/\/www.rrz.sk\/\",\"name\":\"Rada pre rozpo\u010dtov\u00fa zodpovednos\u0165\",\"description\":\"Nez\u00e1visl\u00fd org\u00e1n monitorovania a hodnotenia v\u00fdvoja hospod\u00e1renia Slovenskej republiky\",\"potentialAction\":[{\"@type\":\"SearchAction\",\"target\":{\"@type\":\"EntryPoint\",\"urlTemplate\":\"https:\/\/www.rrz.sk\/?s={search_term_string}\"},\"query-input\":{\"@type\":\"PropertyValueSpecification\",\"valueRequired\":true,\"valueName\":\"search_term_string\"}}],\"inLanguage\":\"en-US\"}]}<\/script>\n<!-- \/ Yoast SEO plugin. -->","yoast_head_json":{"title":"Revenue - Rada pre rozpo\u010dtov\u00fa zodpovednos\u0165","robots":{"index":"index","follow":"follow","max-snippet":"max-snippet:-1","max-image-preview":"max-image-preview:large","max-video-preview":"max-video-preview:-1"},"canonical":"https:\/\/www.rrz.sk\/en\/fiscal-database\/revenue\/","og_locale":"en_US","og_type":"article","og_title":"Revenue - Rada pre rozpo\u010dtov\u00fa zodpovednos\u0165","og_description":"General government revenue consists of tax revenue, social security contributions, non-tax revenue, and grants and transfers.","og_url":"https:\/\/www.rrz.sk\/en\/fiscal-database\/revenue\/","og_site_name":"Rada pre rozpo\u010dtov\u00fa zodpovednos\u0165","article_modified_time":"2024-11-25T23:03:57+00:00","twitter_card":"summary_large_image","twitter_misc":{"Est. reading time":"1 minute"},"schema":{"@context":"https:\/\/schema.org","@graph":[{"@type":"WebPage","@id":"https:\/\/www.rrz.sk\/en\/fiscal-database\/revenue\/","url":"https:\/\/www.rrz.sk\/en\/fiscal-database\/revenue\/","name":"Revenue - Rada pre rozpo\u010dtov\u00fa zodpovednos\u0165","isPartOf":{"@id":"https:\/\/www.rrz.sk\/#website"},"datePublished":"2022-06-03T08:25:01+00:00","dateModified":"2024-11-25T23:03:57+00:00","breadcrumb":{"@id":"https:\/\/www.rrz.sk\/en\/fiscal-database\/revenue\/#breadcrumb"},"inLanguage":"en-US","potentialAction":[{"@type":"ReadAction","target":["https:\/\/www.rrz.sk\/en\/fiscal-database\/revenue\/"]}]},{"@type":"BreadcrumbList","@id":"https:\/\/www.rrz.sk\/en\/fiscal-database\/revenue\/#breadcrumb","itemListElement":[{"@type":"ListItem","position":1,"name":"Domovsk\u00e1 str\u00e1nka","item":"https:\/\/www.rrz.sk\/en\/"},{"@type":"ListItem","position":2,"name":"Fiscal Database","item":"https:\/\/www.rrz.sk\/en\/fiscal-database\/"},{"@type":"ListItem","position":3,"name":"Revenue"}]},{"@type":"WebSite","@id":"https:\/\/www.rrz.sk\/#website","url":"https:\/\/www.rrz.sk\/","name":"Rada pre rozpo\u010dtov\u00fa zodpovednos\u0165","description":"Nez\u00e1visl\u00fd org\u00e1n monitorovania a hodnotenia v\u00fdvoja hospod\u00e1renia Slovenskej republiky","potentialAction":[{"@type":"SearchAction","target":{"@type":"EntryPoint","urlTemplate":"https:\/\/www.rrz.sk\/?s={search_term_string}"},"query-input":{"@type":"PropertyValueSpecification","valueRequired":true,"valueName":"search_term_string"}}],"inLanguage":"en-US"}]}},"_links":{"self":[{"href":"https:\/\/www.rrz.sk\/en\/wp-json\/wp\/v2\/pages\/28499","targetHints":{"allow":["GET"]}}],"collection":[{"href":"https:\/\/www.rrz.sk\/en\/wp-json\/wp\/v2\/pages"}],"about":[{"href":"https:\/\/www.rrz.sk\/en\/wp-json\/wp\/v2\/types\/page"}],"author":[{"embeddable":true,"href":"https:\/\/www.rrz.sk\/en\/wp-json\/wp\/v2\/users\/2"}],"replies":[{"embeddable":true,"href":"https:\/\/www.rrz.sk\/en\/wp-json\/wp\/v2\/comments?post=28499"}],"version-history":[{"count":3,"href":"https:\/\/www.rrz.sk\/en\/wp-json\/wp\/v2\/pages\/28499\/revisions"}],"predecessor-version":[{"id":28522,"href":"https:\/\/www.rrz.sk\/en\/wp-json\/wp\/v2\/pages\/28499\/revisions\/28522"}],"up":[{"embeddable":true,"href":"https:\/\/www.rrz.sk\/en\/wp-json\/wp\/v2\/pages\/28492"}],"wp:attachment":[{"href":"https:\/\/www.rrz.sk\/en\/wp-json\/wp\/v2\/media?parent=28499"}],"curies":[{"name":"wp","href":"https:\/\/api.w.org\/{rel}","templated":true}]}}