{"id":6976,"date":"2021-04-23T15:09:10","date_gmt":"2021-04-23T13:09:10","guid":{"rendered":"https:\/\/www.rrz.sk\/co-robime\/"},"modified":"2021-05-11T15:46:47","modified_gmt":"2021-05-11T13:46:47","slug":"what-do-we-do","status":"publish","type":"page","link":"https:\/\/www.rrz.sk\/en\/what-do-we-do\/","title":{"rendered":"What do we do?"},"content":{"rendered":"<div id=\"pl-6976\"  class=\"panel-layout\" >\n<div id=\"pg-6976-0\"  class=\"panel-grid panel-no-style\"  data-style=\"{&quot;background_image_attachment&quot;:false,&quot;background_display&quot;:&quot;tile&quot;,&quot;cell_alignment&quot;:&quot;flex-start&quot;}\"  data-ratio=\"1\"  data-ratio-direction=\"right\" >\n<div id=\"pgc-6976-0-0\"  class=\"panel-grid-cell panel-grid-cell-mobile-last\"  data-weight=\"0.718080888184\" >\n<div id=\"panel-6976-0-0-0\" class=\"so-panel widget widget_sow-editor panel-first-child panel-last-child\" data-index=\"0\" data-style=\"{&quot;background_image_attachment&quot;:false,&quot;background_display&quot;:&quot;tile&quot;}\" >\n<div class=\"so-widget-sow-editor so-widget-sow-editor-base\">\n<div class=\"siteorigin-widget-tinymce textwidget\">\n<h2>Through its expertise and the use of state-of-the-art analytical tools, the CBR will be holding a mirror up to the government, improve public awareness in the area of public finances, and facilitate better decision-making in the parliament.<\/h2>\n<\/div>\n<\/div>\n<\/div>\n<\/div>\n<div id=\"pgc-6976-0-1\"  class=\"panel-grid-cell panel-grid-cell-empty\"  data-weight=\"0.281919111816\" ><\/div>\n<\/div>\n<div id=\"pg-6976-1\"  class=\"panel-grid panel-has-style\"  data-style=\"{&quot;padding&quot;:&quot;0px 0px 0px 0px&quot;,&quot;background_image_attachment&quot;:false,&quot;background_display&quot;:&quot;tile&quot;,&quot;cell_alignment&quot;:&quot;flex-start&quot;}\" >\n<div class=\"panel-row-style panel-row-style-for-6976-1\" >\n<div id=\"pgc-6976-1-0\"  class=\"panel-grid-cell\"  data-weight=\"0.425455987312\" >\n<div id=\"panel-6976-1-0-0\" class=\"so-panel widget widget_sow-editor panel-first-child panel-last-child\" data-index=\"1\" data-style=\"{&quot;background_image_attachment&quot;:false,&quot;background_display&quot;:&quot;tile&quot;}\" >\n<div class=\"so-widget-sow-editor so-widget-sow-editor-base\">\n<div class=\"siteorigin-widget-tinymce textwidget\">\n<h3><span lang=\"EN-GB\">The main tasks of the CBR are defined in\u00a0<\/span><a href=\"https:\/\/www.rrz.sk\/wp-content\/uploads\/2021\/05\/constitutional_act_493_2011.pdf\"><span lang=\"EN-GB\">Constitutional Act No. 493\/2011 on Fiscal Responsibility<\/span> <\/a><span class=\"apple-converted-space\"><span lang=\"EN-GB\">\u00a0<\/span><\/span><span lang=\"EN-GB\">and cover four important areas:<\/span><\/h3>\n<\/div>\n<\/div>\n<\/div>\n<\/div>\n<div id=\"pgc-6976-1-1\"  class=\"panel-grid-cell\"  data-weight=\"0.574544012688\" >\n<div id=\"panel-6976-1-1-0\" class=\"so-panel widget widget_sow-editor panel-first-child panel-last-child\" data-index=\"2\" data-style=\"{&quot;background_image_attachment&quot;:false,&quot;background_display&quot;:&quot;tile&quot;}\" >\n<div class=\"so-widget-sow-editor so-widget-sow-editor-base\">\n<div class=\"siteorigin-widget-tinymce textwidget\">\n<ol>\n<li>Each year, the CBR prepares the <strong>Report on the Long-Term Sustainability of Public Finances<\/strong>, pointing at potential issues which might induce excessive debt growth under the present budgetary policy setup. The report seeks to determine the extent to which the current fiscal burdens are being passed on to future generations.<\/li>\n<li><strong>The CBR submits to the parliament the Report on Compliance with the Fiscal Responsibility and Fiscal Transparency Rules<\/strong>.\u00a0The report seeks to answer the question of whether the government respects its own fiscal rules, and whether or not the data are obfuscated and\/or transparency is compromised.<\/li>\n<li>The CBR may, acting on its own initiative or if invited to do so by a parliamentary caucus, <strong>draw up its own opinions on the legislative proposals submitted to the parliament<\/strong>. The purpose of these opinions is, in particular, to scrutinise the impact of such proposals on the long-term sustainability of public finances and their budgetary consequences. The parliament will thus have an independent opinion to feed into the law-making process.<\/li>\n<li>The CBR also performs <strong>other activities related to the monitoring and assessment of how public finances develop<\/strong>. In other words, the CBR provides information on potential risks, presents alternative scenarios and, for example, puts forward suggestions on how to improve the methodology for the calculation of various indicators in the area of public finances.<\/li>\n<\/ol>\n<\/div>\n<\/div>\n<\/div>\n<\/div>\n<\/div>\n<\/div>\n<div id=\"pg-6976-2\"  class=\"panel-grid panel-has-style\"  data-style=\"{&quot;padding&quot;:&quot;20px 0px 20px 0px&quot;,&quot;background&quot;:&quot;#f8f8f8&quot;,&quot;background_image_attachment&quot;:false,&quot;background_display&quot;:&quot;tile&quot;,&quot;row_stretch&quot;:&quot;full&quot;,&quot;cell_alignment&quot;:&quot;flex-start&quot;}\" >\n<div class=\"siteorigin-panels-stretch panel-row-style panel-row-style-for-6976-2\" data-stretch-type=\"full\" >\n<div id=\"pgc-6976-2-0\"  class=\"panel-grid-cell\"  data-weight=\"1\" >\n<div id=\"panel-6976-2-0-0\" class=\"so-panel widget widget_siteorigin-panels-builder panel-first-child panel-last-child\" data-index=\"3\" data-style=\"{&quot;background_image_attachment&quot;:false,&quot;background_display&quot;:&quot;tile&quot;}\" >\n<div id=\"pl-w609a8a9c5ec34\"  class=\"panel-layout\" >\n<div id=\"pg-w609a8a9c5ec34-0\"  class=\"panel-grid panel-has-style\"  data-style=\"{&quot;padding&quot;:&quot;20px 0px 40px 0px&quot;,&quot;background&quot;:&quot;#f8f8f8&quot;,&quot;background_image_attachment&quot;:false,&quot;background_display&quot;:&quot;tile&quot;,&quot;cell_alignment&quot;:&quot;flex-start&quot;}\" >\n<div class=\"panel-row-style panel-row-style-for-w609a8a9c5ec34-0\" >\n<div id=\"pgc-w609a8a9c5ec34-0-0\"  class=\"panel-grid-cell panel-grid-cell-empty\"  data-weight=\"0.2\" ><\/div>\n<div id=\"pgc-w609a8a9c5ec34-0-1\"  class=\"panel-grid-cell panel-grid-cell-mobile-last\"  data-weight=\"0.6\" >\n<div id=\"panel-w609a8a9c5ec34-0-1-0\" class=\"so-panel widget widget_sow-editor panel-first-child panel-last-child\" data-index=\"0\" data-style=\"{&quot;background_image_attachment&quot;:false,&quot;background_display&quot;:&quot;tile&quot;}\" >\n<div class=\"so-widget-sow-editor so-widget-sow-editor-base\">\n<div class=\"siteorigin-widget-tinymce textwidget\">\n<h3 style=\"text-align: center;\">As of 1st January 2014, the\u00a0<a href=\"https:\/\/www.rrz.sk\/wp-content\/uploads\/2021\/05\/523_2004_en.pdf\">amended Act No. 523\/2004<\/a>\u00a0on general government budgetary rules has defined additional new tasks of the CBR. The Act implements the provisions of the Treaty on Stability, Coordination and Governance in the Economic and Monetary Union, i.e. a\u00a0fiscal rule on the structural balance including a\u00a0correction mechanism in case of non-compliance into national legislation.<\/h3>\n<\/div>\n<\/div>\n<\/div>\n<\/div>\n<div id=\"pgc-w609a8a9c5ec34-0-2\"  class=\"panel-grid-cell panel-grid-cell-empty\"  data-weight=\"0.2\" ><\/div>\n<\/div>\n<\/div>\n<div id=\"pg-w609a8a9c5ec34-1\"  class=\"panel-grid panel-no-style\"  data-style=\"{&quot;background_image_attachment&quot;:false,&quot;background_display&quot;:&quot;tile&quot;,&quot;cell_alignment&quot;:&quot;flex-start&quot;}\"  data-ratio=\"1\"  data-ratio-direction=\"right\" >\n<div id=\"pgc-w609a8a9c5ec34-1-0\"  class=\"panel-grid-cell\"  data-weight=\"0.387287024902\" >\n<div id=\"panel-w609a8a9c5ec34-1-0-0\" class=\"so-panel widget widget_sow-editor panel-first-child panel-last-child\" data-index=\"1\" data-style=\"{&quot;background_image_attachment&quot;:false,&quot;background_display&quot;:&quot;tile&quot;}\" >\n<div class=\"so-widget-sow-editor so-widget-sow-editor-base\">\n<div class=\"siteorigin-widget-tinymce textwidget\">\n<h3>The CBR will:<\/h3>\n<\/div>\n<\/div>\n<\/div>\n<\/div>\n<div id=\"pgc-w609a8a9c5ec34-1-1\"  class=\"panel-grid-cell\"  data-weight=\"0.612712975098\" >\n<div id=\"panel-w609a8a9c5ec34-1-1-0\" class=\"so-panel widget widget_sow-editor panel-first-child panel-last-child\" data-index=\"2\" data-style=\"{&quot;background_image_attachment&quot;:false,&quot;background_display&quot;:&quot;tile&quot;}\" >\n<div class=\"so-widget-sow-editor so-widget-sow-editor-base\">\n<div class=\"siteorigin-widget-tinymce textwidget\">\n<ol>\n<li>assess and publish evaluations of activation of the correction mechanism in case of significant deviation from the medium-term budgetary objective or the path towards it;<\/li>\n<li>assess and publish evaluations of circumstances for triggering and exiting escape clauses that suspend the correction mechanism.<\/li>\n<\/ol>\n<p>Should the need arise, the CBR may also perform other activities stipulated in the Act. In the pursuit of its mandate, the CBR publishes (on its website) the methodology as well as studies relating to the analytical tools employed by the CBR.<\/p>\n<p>The results of the CBR\u2019s budget implementation are published through Annual Reports submitted to the National Bank of Slovakia which, under law, funds the CBR\u2019s activities.<\/p>\n<p>Similar independent fiscal institutions or budget councils\u00a0can be found in many OECD countries.<\/p>\n<\/div>\n<\/div>\n<\/div>\n<\/div>\n<\/div>\n<\/div>\n<\/div>\n<\/div>\n<\/div>\n<\/div>\n<\/div>\n","protected":false},"excerpt":{"rendered":"<p>The Council for Budget Responsibility was formed in 2012 as an independent body set up to monitor and evaluate the fiscal performance of the Slovak Republic.<\/p>\n","protected":false},"author":3,"featured_media":23544,"parent":0,"menu_order":0,"comment_status":"closed","ping_status":"closed","template":"","meta":{"_acf_changed":false,"h5ap_radio_sources":[],"footnotes":""},"class_list":["post-6976","page","type-page","status-publish","has-post-thumbnail","hentry"],"acf":[],"yoast_head":"<!-- This site is optimized with the Yoast SEO plugin v26.6 - https:\/\/yoast.com\/wordpress\/plugins\/seo\/ -->\n<title>What do we do? - Rada pre rozpo\u010dtov\u00fa zodpovednos\u0165<\/title>\n<meta name=\"robots\" content=\"index, follow, max-snippet:-1, max-image-preview:large, max-video-preview:-1\" \/>\n<link rel=\"canonical\" href=\"https:\/\/www.rrz.sk\/en\/what-do-we-do\/\" \/>\n<meta property=\"og:locale\" content=\"en_US\" \/>\n<meta property=\"og:type\" content=\"article\" \/>\n<meta property=\"og:title\" content=\"What do we do? - Rada pre rozpo\u010dtov\u00fa zodpovednos\u0165\" \/>\n<meta property=\"og:description\" content=\"The Council for Budget Responsibility was formed in 2012 as an independent body set up to monitor and evaluate the fiscal performance of the Slovak Republic.\" \/>\n<meta property=\"og:url\" content=\"https:\/\/www.rrz.sk\/en\/what-do-we-do\/\" \/>\n<meta property=\"og:site_name\" content=\"Rada pre rozpo\u010dtov\u00fa zodpovednos\u0165\" \/>\n<meta property=\"article:modified_time\" content=\"2021-05-11T13:46:47+00:00\" \/>\n<meta property=\"og:image\" content=\"https:\/\/www.rrz.sk\/wp-content\/uploads\/2021\/07\/RRZ.png\" \/>\n\t<meta property=\"og:image:width\" content=\"1390\" \/>\n\t<meta property=\"og:image:height\" content=\"909\" \/>\n\t<meta property=\"og:image:type\" content=\"image\/png\" \/>\n<meta name=\"twitter:card\" content=\"summary_large_image\" \/>\n<meta name=\"twitter:label1\" content=\"Est. reading time\" \/>\n\t<meta name=\"twitter:data1\" content=\"2 minutes\" \/>\n<script type=\"application\/ld+json\" class=\"yoast-schema-graph\">{\"@context\":\"https:\/\/schema.org\",\"@graph\":[{\"@type\":\"WebPage\",\"@id\":\"https:\/\/www.rrz.sk\/en\/what-do-we-do\/\",\"url\":\"https:\/\/www.rrz.sk\/en\/what-do-we-do\/\",\"name\":\"What do we do? - Rada pre rozpo\u010dtov\u00fa zodpovednos\u0165\",\"isPartOf\":{\"@id\":\"https:\/\/www.rrz.sk\/#website\"},\"primaryImageOfPage\":{\"@id\":\"https:\/\/www.rrz.sk\/en\/what-do-we-do\/#primaryimage\"},\"image\":{\"@id\":\"https:\/\/www.rrz.sk\/en\/what-do-we-do\/#primaryimage\"},\"thumbnailUrl\":\"https:\/\/www.rrz.sk\/wp-content\/uploads\/2024\/06\/IMG_0127upr.jpg\",\"datePublished\":\"2021-04-23T13:09:10+00:00\",\"dateModified\":\"2021-05-11T13:46:47+00:00\",\"breadcrumb\":{\"@id\":\"https:\/\/www.rrz.sk\/en\/what-do-we-do\/#breadcrumb\"},\"inLanguage\":\"en-US\",\"potentialAction\":[{\"@type\":\"ReadAction\",\"target\":[\"https:\/\/www.rrz.sk\/en\/what-do-we-do\/\"]}]},{\"@type\":\"ImageObject\",\"inLanguage\":\"en-US\",\"@id\":\"https:\/\/www.rrz.sk\/en\/what-do-we-do\/#primaryimage\",\"url\":\"https:\/\/www.rrz.sk\/wp-content\/uploads\/2024\/06\/IMG_0127upr.jpg\",\"contentUrl\":\"https:\/\/www.rrz.sk\/wp-content\/uploads\/2024\/06\/IMG_0127upr.jpg\",\"width\":3596,\"height\":2023,\"caption\":\"IMG_0127upr\"},{\"@type\":\"BreadcrumbList\",\"@id\":\"https:\/\/www.rrz.sk\/en\/what-do-we-do\/#breadcrumb\",\"itemListElement\":[{\"@type\":\"ListItem\",\"position\":1,\"name\":\"Domovsk\u00e1 str\u00e1nka\",\"item\":\"https:\/\/www.rrz.sk\/en\/\"},{\"@type\":\"ListItem\",\"position\":2,\"name\":\"What do we do?\"}]},{\"@type\":\"WebSite\",\"@id\":\"https:\/\/www.rrz.sk\/#website\",\"url\":\"https:\/\/www.rrz.sk\/\",\"name\":\"Rada pre rozpo\u010dtov\u00fa zodpovednos\u0165\",\"description\":\"Nez\u00e1visl\u00fd org\u00e1n monitorovania a hodnotenia v\u00fdvoja hospod\u00e1renia Slovenskej republiky\",\"potentialAction\":[{\"@type\":\"SearchAction\",\"target\":{\"@type\":\"EntryPoint\",\"urlTemplate\":\"https:\/\/www.rrz.sk\/?s={search_term_string}\"},\"query-input\":{\"@type\":\"PropertyValueSpecification\",\"valueRequired\":true,\"valueName\":\"search_term_string\"}}],\"inLanguage\":\"en-US\"}]}<\/script>\n<!-- \/ Yoast SEO plugin. -->","yoast_head_json":{"title":"What do we do? - Rada pre rozpo\u010dtov\u00fa zodpovednos\u0165","robots":{"index":"index","follow":"follow","max-snippet":"max-snippet:-1","max-image-preview":"max-image-preview:large","max-video-preview":"max-video-preview:-1"},"canonical":"https:\/\/www.rrz.sk\/en\/what-do-we-do\/","og_locale":"en_US","og_type":"article","og_title":"What do we do? - Rada pre rozpo\u010dtov\u00fa zodpovednos\u0165","og_description":"The Council for Budget Responsibility was formed in 2012 as an independent body set up to monitor and evaluate the fiscal performance of the Slovak Republic.","og_url":"https:\/\/www.rrz.sk\/en\/what-do-we-do\/","og_site_name":"Rada pre rozpo\u010dtov\u00fa zodpovednos\u0165","article_modified_time":"2021-05-11T13:46:47+00:00","og_image":[{"width":1390,"height":909,"url":"https:\/\/www.rrz.sk\/wp-content\/uploads\/2021\/07\/RRZ.png","type":"image\/png"}],"twitter_card":"summary_large_image","twitter_misc":{"Est. reading time":"2 minutes"},"schema":{"@context":"https:\/\/schema.org","@graph":[{"@type":"WebPage","@id":"https:\/\/www.rrz.sk\/en\/what-do-we-do\/","url":"https:\/\/www.rrz.sk\/en\/what-do-we-do\/","name":"What do we do? - Rada pre rozpo\u010dtov\u00fa zodpovednos\u0165","isPartOf":{"@id":"https:\/\/www.rrz.sk\/#website"},"primaryImageOfPage":{"@id":"https:\/\/www.rrz.sk\/en\/what-do-we-do\/#primaryimage"},"image":{"@id":"https:\/\/www.rrz.sk\/en\/what-do-we-do\/#primaryimage"},"thumbnailUrl":"https:\/\/www.rrz.sk\/wp-content\/uploads\/2024\/06\/IMG_0127upr.jpg","datePublished":"2021-04-23T13:09:10+00:00","dateModified":"2021-05-11T13:46:47+00:00","breadcrumb":{"@id":"https:\/\/www.rrz.sk\/en\/what-do-we-do\/#breadcrumb"},"inLanguage":"en-US","potentialAction":[{"@type":"ReadAction","target":["https:\/\/www.rrz.sk\/en\/what-do-we-do\/"]}]},{"@type":"ImageObject","inLanguage":"en-US","@id":"https:\/\/www.rrz.sk\/en\/what-do-we-do\/#primaryimage","url":"https:\/\/www.rrz.sk\/wp-content\/uploads\/2024\/06\/IMG_0127upr.jpg","contentUrl":"https:\/\/www.rrz.sk\/wp-content\/uploads\/2024\/06\/IMG_0127upr.jpg","width":3596,"height":2023,"caption":"IMG_0127upr"},{"@type":"BreadcrumbList","@id":"https:\/\/www.rrz.sk\/en\/what-do-we-do\/#breadcrumb","itemListElement":[{"@type":"ListItem","position":1,"name":"Domovsk\u00e1 str\u00e1nka","item":"https:\/\/www.rrz.sk\/en\/"},{"@type":"ListItem","position":2,"name":"What do we do?"}]},{"@type":"WebSite","@id":"https:\/\/www.rrz.sk\/#website","url":"https:\/\/www.rrz.sk\/","name":"Rada pre rozpo\u010dtov\u00fa zodpovednos\u0165","description":"Nez\u00e1visl\u00fd org\u00e1n monitorovania a hodnotenia v\u00fdvoja hospod\u00e1renia Slovenskej republiky","potentialAction":[{"@type":"SearchAction","target":{"@type":"EntryPoint","urlTemplate":"https:\/\/www.rrz.sk\/?s={search_term_string}"},"query-input":{"@type":"PropertyValueSpecification","valueRequired":true,"valueName":"search_term_string"}}],"inLanguage":"en-US"}]}},"_links":{"self":[{"href":"https:\/\/www.rrz.sk\/en\/wp-json\/wp\/v2\/pages\/6976","targetHints":{"allow":["GET"]}}],"collection":[{"href":"https:\/\/www.rrz.sk\/en\/wp-json\/wp\/v2\/pages"}],"about":[{"href":"https:\/\/www.rrz.sk\/en\/wp-json\/wp\/v2\/types\/page"}],"author":[{"embeddable":true,"href":"https:\/\/www.rrz.sk\/en\/wp-json\/wp\/v2\/users\/3"}],"replies":[{"embeddable":true,"href":"https:\/\/www.rrz.sk\/en\/wp-json\/wp\/v2\/comments?post=6976"}],"version-history":[{"count":7,"href":"https:\/\/www.rrz.sk\/en\/wp-json\/wp\/v2\/pages\/6976\/revisions"}],"predecessor-version":[{"id":6994,"href":"https:\/\/www.rrz.sk\/en\/wp-json\/wp\/v2\/pages\/6976\/revisions\/6994"}],"wp:featuredmedia":[{"embeddable":true,"href":"https:\/\/www.rrz.sk\/en\/wp-json\/wp\/v2\/media\/23544"}],"wp:attachment":[{"href":"https:\/\/www.rrz.sk\/en\/wp-json\/wp\/v2\/media?parent=6976"}],"curies":[{"name":"wp","href":"https:\/\/api.w.org\/{rel}","templated":true}]}}